{"id":20,"date":"2014-12-15T12:45:58","date_gmt":"2014-12-15T12:45:58","guid":{"rendered":"http:\/\/s472846442.online.de\/webseiten\/dev.smartcycle.de\/wordpress\/?page_id=20"},"modified":"2022-11-10T11:41:08","modified_gmt":"2022-11-10T10:41:08","slug":"ueber-smartcycle","status":"publish","type":"page","link":"https:\/\/dev.smartcycle.de\/?page_id=20","title":{"rendered":"Entsorgen Sie Ihre TINTEN und TONER &#8211; mit SmartCycle"},"content":{"rendered":"<hr \/>\n<p>Tinten und Toner geh\u00f6ren nicht in den Papierkorb.<\/p>\n<p>Das SMARTCYCLE-System \u00fcbernimmt Ihre leeren Kartuschen und f\u00fchrt sie dem Recycling-Kreislauf zu.<\/p>\n<hr \/>\n<p><a title=\"Helfen wir gemeinsam die M\u00fcllberge zu reduzieren!\" href=\"https:\/\/dev.smartcycle.de\/\">zur\u00fcck<\/a><\/p>\n","protected":false},"excerpt":{"rendered":"<p>Tinten und Toner geh\u00f6ren nicht in den Papierkorb. Das SMARTCYCLE-System \u00fcbernimmt Ihre leeren Kartuschen und f\u00fchrt sie dem Recycling-Kreislauf zu. zur\u00fcck<\/p>\n","protected":false},"author":1,"featured_media":0,"parent":0,"menu_order":0,"comment_status":"closed","ping_status":"closed","template":"layouts\/page_no-sidebar.php","meta":{"footnotes":""},"class_list":["post-20","page","type-page","status-publish"],"_links":{"self":[{"href":"https:\/\/dev.smartcycle.de\/index.php?rest_route=\/wp\/v2\/pages\/20","targetHints":{"allow":["GET"]}}],"collection":[{"href":"https:\/\/dev.smartcycle.de\/index.php?rest_route=\/wp\/v2\/pages"}],"about":[{"href":"https:\/\/dev.smartcycle.de\/index.php?rest_route=\/wp\/v2\/types\/page"}],"author":[{"embeddable":true,"href":"https:\/\/dev.smartcycle.de\/index.php?rest_route=\/wp\/v2\/users\/1"}],"replies":[{"embeddable":true,"href":"https:\/\/dev.smartcycle.de\/index.php?rest_route=%2Fwp%2Fv2%2Fcomments&post=20"}],"version-history":[{"count":0,"href":"https:\/\/dev.smartcycle.de\/index.php?rest_route=\/wp\/v2\/pages\/20\/revisions"}],"wp:attachment":[{"href":"https:\/\/dev.smartcycle.de\/index.php?rest_route=%2Fwp%2Fv2%2Fmedia&parent=20"}],"curies":[{"name":"wp","href":"https:\/\/api.w.org\/{rel}","templated":true}]}}